{"id":52,"date":"2025-07-08T19:26:58","date_gmt":"2025-07-08T16:26:58","guid":{"rendered":"https:\/\/www.armonikoltukdoseme.com\/?page_id=52"},"modified":"2026-03-18T21:04:34","modified_gmt":"2026-03-18T18:04:34","slug":"klasik-koltuklar","status":"publish","type":"page","link":"https:\/\/www.armonikoltukdoseme.com\/?page_id=52","title":{"rendered":"Klasik Koltuklar"},"content":{"rendered":"\n<figure class=\"wp-block-image size-full\"><img loading=\"lazy\" decoding=\"async\" width=\"300\" height=\"169\" src=\"https:\/\/www.armonikoltukdoseme.com\/wp-content\/uploads\/2025\/07\/Klasik_Koltuklar_01.jpg\" alt=\"\" class=\"wp-image-219\"\/><\/figure>\n\n\n\n<p class=\"has-medium-font-size\">Klasik koltuklarda, tasar\u0131m ve geli\u015ftirme konusunda i\u015fletmelerin ger\u00e7ekle\u015ftirdi\u011fi \u00e7al\u0131\u015fmalar sonucunda s\u00fcrekli yeni modeller olu\u015fturulup \u00fcretimle birlikte insanlara sunulurken, klasik tak\u0131mlarda i\u015f\u00e7ilik her zaman insanlar taraf\u0131ndan ra\u011fbet g\u00f6rm\u00fc\u015ft\u00fcr.<\/p>\n\n\n\n<h2 class=\"wp-block-heading\">Oturma Odas\u0131 \u0130\u00e7in Klasik Sandalye Tasar\u0131mlar\u0131<\/h2>\n\n\n\n<p>Klasik bir sandalye, odan\u0131n esteti\u011fini ya da bozabilir. Oday\u0131 tamamlamayan bir sandalye eklemek, onu \u00e7ok dikkat \u00e7eker. Ak\u0131ll\u0131ca se\u00e7in, bu alan\u0131 be\u015f y\u0131ld\u0131zl\u0131 kaliteye y\u00fckseltebilir.<\/p>\n\n\n\n<p>Oturma odalar\u0131 klasik bir sandalyenin ilk al\u0131c\u0131lar\u0131d\u0131r. Ekstra oturma alan\u0131 sa\u011flaman\u0131n yan\u0131 s\u0131ra, dekorasyona bir katman daha kat\u0131yorlar. Buradaki sandalyeler s\u0131k\u00e7a kullan\u0131laca\u011f\u0131 i\u00e7in, sa\u011flam bacaklara, rahat oturma alanlar\u0131na ve a\u015f\u0131nmaya kar\u015f\u0131 iyi dayanan g\u00fczel kuma\u015fa sahip sa\u011flam olmal\u0131lar. Oturma odas\u0131nda yeterli oturma se\u00e7ene\u011fi varsa, tasar\u0131m ve stili konfordan \u00e7ok tercih edebilirsiniz. Se\u00e7im senin.<\/p>\n\n\n\n<figure class=\"wp-block-image size-full\"><img loading=\"lazy\" decoding=\"async\" width=\"240\" height=\"300\" src=\"https:\/\/www.armonikoltukdoseme.com\/wp-content\/uploads\/2025\/07\/Klasik_Koltuklar_02.jpg\" alt=\"\" class=\"wp-image-221\"\/><\/figure>\n\n\n\n<p class=\"has-medium-font-size\"><strong>Gomalak Cila<\/strong><\/p>\n\n\n\n<p class=\"has-medium-font-size\">Tung ya\u011f\u0131 ile ya\u011flanan ah\u015fab\u0131n cilalamaya ge\u00e7meden \u00f6nce 1 saat bekletilmesi gerekir, zeytinya\u011f\u0131 ve terebentin i\u00e7in bekleme s\u00f6z konusu de\u011fildir, ya\u011flaman\u0131n ard\u0131ndan hemen cilalama i\u015flemine ge\u00e7ilir. Cilalama farkl\u0131 teknikler ile yap\u0131labilir, bu s\u0131rada yine pamuk bez, tampon g\u00f6revi g\u00f6recek \u015fekilde kullan\u0131l\u0131r.<\/p>\n\n\n\n<figure class=\"wp-block-gallery has-nested-images columns-default is-cropped wp-block-gallery-1 is-layout-flex wp-block-gallery-is-layout-flex\">\n<figure class=\"wp-block-image size-large\"><img loading=\"lazy\" decoding=\"async\" width=\"1000\" height=\"663\" data-id=\"393\" src=\"https:\/\/www.armonikoltukdoseme.com\/wp-content\/uploads\/2026\/03\/dc.webp\" alt=\"\" class=\"wp-image-393\" srcset=\"https:\/\/www.armonikoltukdoseme.com\/wp-content\/uploads\/2026\/03\/dc.webp 1000w, https:\/\/www.armonikoltukdoseme.com\/wp-content\/uploads\/2026\/03\/dc-300x199.webp 300w, https:\/\/www.armonikoltukdoseme.com\/wp-content\/uploads\/2026\/03\/dc-768x509.webp 768w\" sizes=\"auto, (max-width: 1000px) 100vw, 1000px\" \/><\/figure>\n<\/figure>\n\n\n\n<figure class=\"wp-block-image size-full\"><img loading=\"lazy\" decoding=\"async\" width=\"240\" height=\"300\" src=\"https:\/\/www.armonikoltukdoseme.com\/wp-content\/uploads\/2025\/07\/Klasik_Koltuklar_03.jpg\" alt=\"\" class=\"wp-image-222\"\/><\/figure>\n\n\n\n<p class=\"has-medium-font-size\">Klasik Koltuklar \u2013 Evinizde hafiften klasik tarza ka\u00e7an bir dekorasyon varsa ve bu dekorasyonu peki\u015ftirmek istiyorsan\u0131z iki adet berjer koltuk i\u015finizi g\u00f6recektir. Salonun uygun bir noktas\u0131na, kar\u015f\u0131l\u0131kl\u0131, birbirine hafif a\u00e7\u0131 yapacak \u015fekilde yerle\u015ftirilen berjer koltuklar g\u00fczel bir sohbet k\u00f6\u015fesi g\u00f6r\u00fcn\u00fcm\u00fc kazand\u0131racak ve klasik dekorasyon havas\u0131n\u0131 da daha bask\u0131n hale getirecektir.<\/p>\n\n\n\n<p style=\"font-size:24px\"><strong>Armoni Koltuk D\u00f6\u015feme her yerde<\/strong><\/p>\n\n\n\n<p class=\"has-cyan-bluish-gray-color has-text-color has-link-color wp-elements-7ade938542e30398620ad710a58a9ac6\" style=\"font-size:16px\">koltuk d\u00f6\u015feme Kad\u0131k\u00f6y, koltuk d\u00f6\u015feme Maltepe , koltuk d\u00f6\u015feme \u00c7engelk\u00f6y, koltuk d\u00f6\u015feme Bostanc\u0131, koltuk d\u00f6\u015feme Kozyata\u011f\u0131, koltuk d\u00f6\u015feme Pendik, koltuk d\u00f6\u015feme Kartal, koltuk d\u00f6\u015feme Kuzguncuk, koltuk d\u00f6\u015feme Suadiye, koltuk d\u00f6\u015feme \u015eile, koltuk d\u00f6\u015feme Sultanbeyli, koltuk d\u00f6\u015feme Kaynarca, koltuk d\u00f6\u015feme G\u00fczelyal\u0131, koltuk d\u00f6\u015feme \u00dcmraniye, yenileme g\u00fcvenli adres 1. s\u0131n\u0131f i\u015f\u00e7ilik h\u0131z g\u00fcvenli garantili i\u015f\u00e7ilik uygun fiyat armoni koltuk d\u00f6\u015feme hizmetlerimiz s\u0131n\u0131rs\u0131zd\u0131r. Klasik koltuk tak\u0131mlar\u0131 \u015f\u0131k ve g\u00f6rkemli duru\u015fu ile b\u00fct\u00fcn dikkatleri \u00fczerine \u00e7ekmekte ve ister istemez modeli ba\u015ftan a\u015fa\u011f\u0131ya incelemeye ba\u015flayabilirsiniz. Klasik koltuk modelleri dekoratif ve i\u015flemeli \u00fcr\u00fcnler olup de\u011fi\u015fik tarzda yap\u0131lmalar\u0131 dikkat \u00e7ekmektedir. Koltuk al\u0131rken dikkat etmemiz gereken baz\u0131 unsurlardan bahsedecek olursak, temizlenmeye elveri\u015fli ve minderlerinin fermuarl\u0131 olmas\u0131na, \u00e7\u0131kar\u0131l\u0131p y\u0131kanabilmesine dikkat edilmelidir. Leke tutmayan ve y\u0131l\u0131n trend kuma\u015flar\u0131ndan se\u00e7memiz gerekmektedir. Ayn\u0131 zamanda evimizin \u00f6l\u00e7\u00fclerine de dikkat edilmesi gerekmektedir. A\u00e7\u0131k ve canl\u0131 renk tercihleriniz odalar\u0131n\u0131z\u0131 ferahlatacak ve fonksiyonel bir kullan\u0131m sa\u011flanacakt\u0131r.<\/p>\n\n\n\n<figure class=\"wp-block-image size-full\"><img loading=\"lazy\" decoding=\"async\" width=\"300\" height=\"300\" src=\"https:\/\/www.armonikoltukdoseme.com\/wp-content\/uploads\/2025\/07\/Klasik_Koltuklar_04.jpg\" alt=\"\" class=\"wp-image-223\" srcset=\"https:\/\/www.armonikoltukdoseme.com\/wp-content\/uploads\/2025\/07\/Klasik_Koltuklar_04.jpg 300w, https:\/\/www.armonikoltukdoseme.com\/wp-content\/uploads\/2025\/07\/Klasik_Koltuklar_04-150x150.jpg 150w\" sizes=\"auto, (max-width: 300px) 100vw, 300px\" \/><\/figure>\n\n\n\n<p class=\"has-medium-font-size\">Koltuk tak\u0131mlar\u0131m\u0131z\u0131n fiyatlar\u0131 sizin istedi\u011finiz \u00f6l\u00e7\u00fclere ve sat\u0131n alaca\u011f\u0131n\u0131z di\u011fer koltuk tak\u0131m\u0131 aksesuarlar\u0131na g\u00f6re belirlenmektedir. \u0130\u00e7 mimarlar\u0131m\u0131z\u0131n \u00f6zel haz\u0131rlad\u0131\u011f\u0131 koltuk tak\u0131mlar\u0131n\u0131 \u00f6zel sipari\u015f olarak \u00fcretmekteyiz. D\u00fc\u015f\u00fcnd\u00fc\u011f\u00fcn\u00fcz ve \u00f6zel \u00e7izim olarak g\u00f6rd\u00fc\u011f\u00fcn\u00fcz modeller Armoni fark\u0131 ile yeniden \u015fekilleniyor. Koltuk Tak\u0131mlar\u0131 dekorasyonunuza g\u00f6re yeniden dizayn edilebilir bir tak\u0131m olarak sunulmaktad\u0131r. Yeni koltuk tak\u0131mlar\u0131 tasar\u0131mlar\u0131n\u0131 inceleyebilirsiniz. Hen\u00fcz koltuk tak\u0131mlar\u0131 tak\u0131m\u0131 se\u00e7mediyseniz, armoni koltuk d\u00f6\u015feme \u00f6zel tasar\u0131m koltuk tak\u0131mlar\u0131 inceleyebilirsiniz.<\/p>\n\n\n\n<figure class=\"wp-block-image size-full\"><img loading=\"lazy\" decoding=\"async\" width=\"300\" height=\"300\" src=\"https:\/\/www.armonikoltukdoseme.com\/wp-content\/uploads\/2025\/07\/Klasik_Koltuklar_05.jpg\" alt=\"\" class=\"wp-image-224\" srcset=\"https:\/\/www.armonikoltukdoseme.com\/wp-content\/uploads\/2025\/07\/Klasik_Koltuklar_05.jpg 300w, https:\/\/www.armonikoltukdoseme.com\/wp-content\/uploads\/2025\/07\/Klasik_Koltuklar_05-150x150.jpg 150w\" sizes=\"auto, (max-width: 300px) 100vw, 300px\" \/><\/figure>\n\n\n\n<p class=\"has-medium-font-size\">Armoni Koltuk D\u00f6\u015feme 30 y\u0131ld\u0131r hizmet veriyor.<\/p>\n\n\n\n<p style=\"font-size:26px\"><strong>H\u0130ZMETTE SINIR YOKTUR<\/strong><\/p>\n\n\n\n<p class=\"has-medium-font-size\">H\u0131z, g\u00fcvenirlilik, garantili i\u015f\u00e7ilik, uygun fiyat; <strong>Armoni Koltuk D\u00f6\u015feme<\/strong>. Hizmetlerimiz s\u0131n\u0131rs\u0131zd\u0131r<\/p>\n\n\n\n<p><\/p>\n","protected":false},"excerpt":{"rendered":"<p>Klasik koltuklarda, tasar\u0131m ve geli\u015ftirme konusunda i\u015fletmelerin ger\u00e7ekle\u015ftirdi\u011fi \u00e7al\u0131\u015fmalar sonucunda s\u00fcrekli yeni modeller olu\u015fturulup \u00fcretimle birlikte insanlara sunulurken, klasik tak\u0131mlarda i\u015f\u00e7ilik her zaman insanlar taraf\u0131ndan ra\u011fbet g\u00f6rm\u00fc\u015ft\u00fcr. Oturma Odas\u0131 \u0130\u00e7in Klasik Sandalye Tasar\u0131mlar\u0131 Klasik bir sandalye, odan\u0131n esteti\u011fini ya da bozabilir. Oday\u0131 tamamlamayan bir sandalye eklemek, onu \u00e7ok dikkat \u00e7eker. Ak\u0131ll\u0131ca se\u00e7in, bu alan\u0131 be\u015f [&hellip;]<\/p>\n","protected":false},"author":1,"featured_media":0,"parent":0,"menu_order":0,"comment_status":"closed","ping_status":"closed","template":"","meta":{"footnotes":""},"class_list":["post-52","page","type-page","status-publish","hentry","entry"],"yoast_head":"<!-- This site is optimized with the Yoast SEO plugin v27.3 - https:\/\/yoast.com\/product\/yoast-seo-wordpress\/ -->\n<title>Klasik Koltuklar - Armoni Koltuk D\u00f6\u015feme<\/title>\n<meta name=\"description\" content=\"Klasik Koltuklar koltuk kaplama koltuk d\u00f6\u015feme koltuk yenileme\" \/>\n<meta name=\"robots\" content=\"index, follow, max-snippet:-1, max-image-preview:large, max-video-preview:-1\" \/>\n<link rel=\"canonical\" href=\"https:\/\/www.armonikoltukdoseme.com\/?page_id=52\" \/>\n<meta property=\"og:locale\" content=\"tr_TR\" \/>\n<meta property=\"og:type\" content=\"article\" \/>\n<meta property=\"og:title\" content=\"Klasik Koltuklar - Armoni Koltuk D\u00f6\u015feme\" \/>\n<meta property=\"og:description\" content=\"Klasik Koltuklar koltuk kaplama koltuk d\u00f6\u015feme koltuk yenileme\" \/>\n<meta property=\"og:url\" content=\"https:\/\/www.armonikoltukdoseme.com\/?page_id=52\" \/>\n<meta property=\"og:site_name\" content=\"Armoni Koltuk D\u00f6\u015feme\" \/>\n<meta property=\"article:modified_time\" content=\"2026-03-18T18:04:34+00:00\" \/>\n<meta property=\"og:image\" content=\"https:\/\/www.armonikoltukdoseme.com\/wp-content\/uploads\/2025\/07\/Klasik_Koltuklar_01.jpg\" \/>\n\t<meta property=\"og:image:width\" content=\"300\" \/>\n\t<meta property=\"og:image:height\" content=\"169\" \/>\n\t<meta property=\"og:image:type\" content=\"image\/jpeg\" \/>\n<meta name=\"twitter:card\" content=\"summary_large_image\" \/>\n<meta name=\"twitter:label1\" content=\"Tahmini okuma s\u00fcresi\" \/>\n\t<meta name=\"twitter:data1\" content=\"4 dakika\" \/>\n<script type=\"application\/ld+json\" class=\"yoast-schema-graph\">{\"@context\":\"https:\\\/\\\/schema.org\",\"@graph\":[{\"@type\":\"WebPage\",\"@id\":\"https:\\\/\\\/www.armonikoltukdoseme.com\\\/?page_id=52\",\"url\":\"https:\\\/\\\/www.armonikoltukdoseme.com\\\/?page_id=52\",\"name\":\"Klasik Koltuklar - Armoni Koltuk D\u00f6\u015feme\",\"isPartOf\":{\"@id\":\"https:\\\/\\\/www.armonikoltukdoseme.com\\\/#website\"},\"primaryImageOfPage\":{\"@id\":\"https:\\\/\\\/www.armonikoltukdoseme.com\\\/?page_id=52#primaryimage\"},\"image\":{\"@id\":\"https:\\\/\\\/www.armonikoltukdoseme.com\\\/?page_id=52#primaryimage\"},\"thumbnailUrl\":\"https:\\\/\\\/www.armonikoltukdoseme.com\\\/wp-content\\\/uploads\\\/2025\\\/07\\\/Klasik_Koltuklar_01.jpg\",\"datePublished\":\"2025-07-08T16:26:58+00:00\",\"dateModified\":\"2026-03-18T18:04:34+00:00\",\"description\":\"Klasik Koltuklar koltuk kaplama koltuk d\u00f6\u015feme koltuk yenileme\",\"breadcrumb\":{\"@id\":\"https:\\\/\\\/www.armonikoltukdoseme.com\\\/?page_id=52#breadcrumb\"},\"inLanguage\":\"tr\",\"potentialAction\":[{\"@type\":\"ReadAction\",\"target\":[\"https:\\\/\\\/www.armonikoltukdoseme.com\\\/?page_id=52\"]}]},{\"@type\":\"ImageObject\",\"inLanguage\":\"tr\",\"@id\":\"https:\\\/\\\/www.armonikoltukdoseme.com\\\/?page_id=52#primaryimage\",\"url\":\"https:\\\/\\\/www.armonikoltukdoseme.com\\\/wp-content\\\/uploads\\\/2025\\\/07\\\/Klasik_Koltuklar_01.jpg\",\"contentUrl\":\"https:\\\/\\\/www.armonikoltukdoseme.com\\\/wp-content\\\/uploads\\\/2025\\\/07\\\/Klasik_Koltuklar_01.jpg\",\"width\":300,\"height\":169},{\"@type\":\"BreadcrumbList\",\"@id\":\"https:\\\/\\\/www.armonikoltukdoseme.com\\\/?page_id=52#breadcrumb\",\"itemListElement\":[{\"@type\":\"ListItem\",\"position\":1,\"name\":\"Anasayfa\",\"item\":\"https:\\\/\\\/www.armonikoltukdoseme.com\\\/\"},{\"@type\":\"ListItem\",\"position\":2,\"name\":\"Klasik Koltuklar\"}]},{\"@type\":\"WebSite\",\"@id\":\"https:\\\/\\\/www.armonikoltukdoseme.com\\\/#website\",\"url\":\"https:\\\/\\\/www.armonikoltukdoseme.com\\\/\",\"name\":\"Armoni Koltuk D\u00f6\u015feme\",\"description\":\"Her \u00e7e\u015fit koltuk d\u00f6\u015feme, koltuk tamiri, y\u00fcz de\u011fi\u015fimi ve kanepe, koltuk tak\u0131m\u0131, puf imalat\u0131; uzman ustalar taraf\u0131ndan yap\u0131lmaktad\u0131r. Servis bize aittir.\",\"publisher\":{\"@id\":\"https:\\\/\\\/www.armonikoltukdoseme.com\\\/#organization\"},\"alternateName\":\"koltuk d\u00f6\u015feme\",\"potentialAction\":[{\"@type\":\"SearchAction\",\"target\":{\"@type\":\"EntryPoint\",\"urlTemplate\":\"https:\\\/\\\/www.armonikoltukdoseme.com\\\/?s={search_term_string}\"},\"query-input\":{\"@type\":\"PropertyValueSpecification\",\"valueRequired\":true,\"valueName\":\"search_term_string\"}}],\"inLanguage\":\"tr\"},{\"@type\":\"Organization\",\"@id\":\"https:\\\/\\\/www.armonikoltukdoseme.com\\\/#organization\",\"name\":\"Armoni Koltuk D\u00f6\u015feme\",\"alternateName\":\"koltuk d\u00f6\u015feme yap\u0131m\u0131\",\"url\":\"https:\\\/\\\/www.armonikoltukdoseme.com\\\/\",\"logo\":{\"@type\":\"ImageObject\",\"inLanguage\":\"tr\",\"@id\":\"https:\\\/\\\/www.armonikoltukdoseme.com\\\/#\\\/schema\\\/logo\\\/image\\\/\",\"url\":\"https:\\\/\\\/www.armonikoltukdoseme.com\\\/wp-content\\\/uploads\\\/2025\\\/07\\\/logo_512.jpg\",\"contentUrl\":\"https:\\\/\\\/www.armonikoltukdoseme.com\\\/wp-content\\\/uploads\\\/2025\\\/07\\\/logo_512.jpg\",\"width\":512,\"height\":512,\"caption\":\"Armoni Koltuk D\u00f6\u015feme\"},\"image\":{\"@id\":\"https:\\\/\\\/www.armonikoltukdoseme.com\\\/#\\\/schema\\\/logo\\\/image\\\/\"}}]}<\/script>\n<!-- \/ Yoast SEO plugin. -->","yoast_head_json":{"title":"Klasik Koltuklar - Armoni Koltuk D\u00f6\u015feme","description":"Klasik Koltuklar koltuk kaplama koltuk d\u00f6\u015feme koltuk yenileme","robots":{"index":"index","follow":"follow","max-snippet":"max-snippet:-1","max-image-preview":"max-image-preview:large","max-video-preview":"max-video-preview:-1"},"canonical":"https:\/\/www.armonikoltukdoseme.com\/?page_id=52","og_locale":"tr_TR","og_type":"article","og_title":"Klasik Koltuklar - Armoni Koltuk D\u00f6\u015feme","og_description":"Klasik Koltuklar koltuk kaplama koltuk d\u00f6\u015feme koltuk yenileme","og_url":"https:\/\/www.armonikoltukdoseme.com\/?page_id=52","og_site_name":"Armoni Koltuk D\u00f6\u015feme","article_modified_time":"2026-03-18T18:04:34+00:00","og_image":[{"width":300,"height":169,"url":"https:\/\/www.armonikoltukdoseme.com\/wp-content\/uploads\/2025\/07\/Klasik_Koltuklar_01.jpg","type":"image\/jpeg"}],"twitter_card":"summary_large_image","twitter_misc":{"Tahmini okuma s\u00fcresi":"4 dakika"},"schema":{"@context":"https:\/\/schema.org","@graph":[{"@type":"WebPage","@id":"https:\/\/www.armonikoltukdoseme.com\/?page_id=52","url":"https:\/\/www.armonikoltukdoseme.com\/?page_id=52","name":"Klasik Koltuklar - Armoni Koltuk D\u00f6\u015feme","isPartOf":{"@id":"https:\/\/www.armonikoltukdoseme.com\/#website"},"primaryImageOfPage":{"@id":"https:\/\/www.armonikoltukdoseme.com\/?page_id=52#primaryimage"},"image":{"@id":"https:\/\/www.armonikoltukdoseme.com\/?page_id=52#primaryimage"},"thumbnailUrl":"https:\/\/www.armonikoltukdoseme.com\/wp-content\/uploads\/2025\/07\/Klasik_Koltuklar_01.jpg","datePublished":"2025-07-08T16:26:58+00:00","dateModified":"2026-03-18T18:04:34+00:00","description":"Klasik Koltuklar koltuk kaplama koltuk d\u00f6\u015feme koltuk yenileme","breadcrumb":{"@id":"https:\/\/www.armonikoltukdoseme.com\/?page_id=52#breadcrumb"},"inLanguage":"tr","potentialAction":[{"@type":"ReadAction","target":["https:\/\/www.armonikoltukdoseme.com\/?page_id=52"]}]},{"@type":"ImageObject","inLanguage":"tr","@id":"https:\/\/www.armonikoltukdoseme.com\/?page_id=52#primaryimage","url":"https:\/\/www.armonikoltukdoseme.com\/wp-content\/uploads\/2025\/07\/Klasik_Koltuklar_01.jpg","contentUrl":"https:\/\/www.armonikoltukdoseme.com\/wp-content\/uploads\/2025\/07\/Klasik_Koltuklar_01.jpg","width":300,"height":169},{"@type":"BreadcrumbList","@id":"https:\/\/www.armonikoltukdoseme.com\/?page_id=52#breadcrumb","itemListElement":[{"@type":"ListItem","position":1,"name":"Anasayfa","item":"https:\/\/www.armonikoltukdoseme.com\/"},{"@type":"ListItem","position":2,"name":"Klasik Koltuklar"}]},{"@type":"WebSite","@id":"https:\/\/www.armonikoltukdoseme.com\/#website","url":"https:\/\/www.armonikoltukdoseme.com\/","name":"Armoni Koltuk D\u00f6\u015feme","description":"Her \u00e7e\u015fit koltuk d\u00f6\u015feme, koltuk tamiri, y\u00fcz de\u011fi\u015fimi ve kanepe, koltuk tak\u0131m\u0131, puf imalat\u0131; uzman ustalar taraf\u0131ndan yap\u0131lmaktad\u0131r. Servis bize aittir.","publisher":{"@id":"https:\/\/www.armonikoltukdoseme.com\/#organization"},"alternateName":"koltuk d\u00f6\u015feme","potentialAction":[{"@type":"SearchAction","target":{"@type":"EntryPoint","urlTemplate":"https:\/\/www.armonikoltukdoseme.com\/?s={search_term_string}"},"query-input":{"@type":"PropertyValueSpecification","valueRequired":true,"valueName":"search_term_string"}}],"inLanguage":"tr"},{"@type":"Organization","@id":"https:\/\/www.armonikoltukdoseme.com\/#organization","name":"Armoni Koltuk D\u00f6\u015feme","alternateName":"koltuk d\u00f6\u015feme yap\u0131m\u0131","url":"https:\/\/www.armonikoltukdoseme.com\/","logo":{"@type":"ImageObject","inLanguage":"tr","@id":"https:\/\/www.armonikoltukdoseme.com\/#\/schema\/logo\/image\/","url":"https:\/\/www.armonikoltukdoseme.com\/wp-content\/uploads\/2025\/07\/logo_512.jpg","contentUrl":"https:\/\/www.armonikoltukdoseme.com\/wp-content\/uploads\/2025\/07\/logo_512.jpg","width":512,"height":512,"caption":"Armoni Koltuk D\u00f6\u015feme"},"image":{"@id":"https:\/\/www.armonikoltukdoseme.com\/#\/schema\/logo\/image\/"}}]}},"_links":{"self":[{"href":"https:\/\/www.armonikoltukdoseme.com\/index.php?rest_route=\/wp\/v2\/pages\/52","targetHints":{"allow":["GET"]}}],"collection":[{"href":"https:\/\/www.armonikoltukdoseme.com\/index.php?rest_route=\/wp\/v2\/pages"}],"about":[{"href":"https:\/\/www.armonikoltukdoseme.com\/index.php?rest_route=\/wp\/v2\/types\/page"}],"author":[{"embeddable":true,"href":"https:\/\/www.armonikoltukdoseme.com\/index.php?rest_route=\/wp\/v2\/users\/1"}],"replies":[{"embeddable":true,"href":"https:\/\/www.armonikoltukdoseme.com\/index.php?rest_route=%2Fwp%2Fv2%2Fcomments&post=52"}],"version-history":[{"count":4,"href":"https:\/\/www.armonikoltukdoseme.com\/index.php?rest_route=\/wp\/v2\/pages\/52\/revisions"}],"predecessor-version":[{"id":394,"href":"https:\/\/www.armonikoltukdoseme.com\/index.php?rest_route=\/wp\/v2\/pages\/52\/revisions\/394"}],"wp:attachment":[{"href":"https:\/\/www.armonikoltukdoseme.com\/index.php?rest_route=%2Fwp%2Fv2%2Fmedia&parent=52"}],"curies":[{"name":"wp","href":"https:\/\/api.w.org\/{rel}","templated":true}]}}