{"id":56,"date":"2025-07-08T19:27:46","date_gmt":"2025-07-08T16:27:46","guid":{"rendered":"https:\/\/www.armonikoltukdoseme.com\/?page_id=56"},"modified":"2025-10-14T21:40:18","modified_gmt":"2025-10-14T18:40:18","slug":"kose-takimlari","status":"publish","type":"page","link":"https:\/\/www.armonikoltukdoseme.com\/?page_id=56","title":{"rendered":"K\u00f6\u015fe Tak\u0131mlar\u0131"},"content":{"rendered":"\n<figure class=\"wp-block-image size-full\"><img loading=\"lazy\" decoding=\"async\" width=\"768\" height=\"432\" src=\"https:\/\/www.armonikoltukdoseme.com\/wp-content\/uploads\/2025\/07\/Kose_Takimlari_01.jpg\" alt=\"\" class=\"wp-image-233\" srcset=\"https:\/\/www.armonikoltukdoseme.com\/wp-content\/uploads\/2025\/07\/Kose_Takimlari_01.jpg 768w, https:\/\/www.armonikoltukdoseme.com\/wp-content\/uploads\/2025\/07\/Kose_Takimlari_01-300x169.jpg 300w\" sizes=\"auto, (max-width: 768px) 100vw, 768px\" \/><\/figure>\n\n\n\n<p class=\"has-medium-font-size\">K\u00f6\u015fe kanepenin etraf\u0131nda g\u00f6rseller bulundurun.<\/p>\n\n\n\n<figure class=\"wp-block-image size-full\"><img loading=\"lazy\" decoding=\"async\" width=\"300\" height=\"169\" src=\"https:\/\/www.armonikoltukdoseme.com\/wp-content\/uploads\/2025\/07\/Kose_Takimlari_02.jpg\" alt=\"\" class=\"wp-image-234\"\/><\/figure>\n\n\n\n<p class=\"has-medium-font-size\">Etkileyici boyutlar\u0131yla k\u00f6\u015fe divan\u0131n\u0131n \u00e7o\u011fu oturma odas\u0131n\u0131n b\u00fcy\u00fck, bir b\u00f6l\u00fcm\u00fcn\u00fc  &#8220;Bir\u00e7ok ki\u015fi, k\u00f6\u015fesinde bir k\u00f6\u015fe divan\u0131 istiyor . Salon \u00e7ok k\u00fc\u00e7\u00fckse, \u015fezlonglu kanepe i\u00e7in, daha az hacimli, daha k\u0131sa bir uzunlukta ve s\u0131rtla kompakt bir k\u00f6\u015fe kanad\u0131 se\u00e7ilmelidir.&#8221;<\/p>\n\n\n\n<figure class=\"wp-block-image size-full\"><img loading=\"lazy\" decoding=\"async\" width=\"300\" height=\"169\" src=\"https:\/\/www.armonikoltukdoseme.com\/wp-content\/uploads\/2025\/07\/Kose_Takimlari_03.jpg\" alt=\"\" class=\"wp-image-235\"\/><\/figure>\n\n\n\n<p class=\"has-medium-font-size\"><strong>KAP\u0130TONEL\u0130 K\u00d6\u015eE TAKIMI<\/strong><\/p>\n\n\n\n<figure class=\"wp-block-image size-full\"><img loading=\"lazy\" decoding=\"async\" width=\"768\" height=\"432\" src=\"https:\/\/www.armonikoltukdoseme.com\/wp-content\/uploads\/2025\/07\/Kose_Takimlari_04.jpg\" alt=\"\" class=\"wp-image-236\" srcset=\"https:\/\/www.armonikoltukdoseme.com\/wp-content\/uploads\/2025\/07\/Kose_Takimlari_04.jpg 768w, https:\/\/www.armonikoltukdoseme.com\/wp-content\/uploads\/2025\/07\/Kose_Takimlari_04-300x169.jpg 300w\" sizes=\"auto, (max-width: 768px) 100vw, 768px\" \/><\/figure>\n\n\n\n<figure class=\"wp-block-image size-full\"><img loading=\"lazy\" decoding=\"async\" width=\"300\" height=\"169\" src=\"https:\/\/www.armonikoltukdoseme.com\/wp-content\/uploads\/2025\/07\/Kose_Takimlari_05.jpg\" alt=\"\" class=\"wp-image-237\"\/><\/figure>\n\n\n\n<p class=\"has-medium-font-size\">Arka d\u00fc\u011fme detay\u0131 ve ah\u015fap ayaklar geleneksel bir dokunu\u015f kat\u0131yor<\/p>\n","protected":false},"excerpt":{"rendered":"<p>K\u00f6\u015fe kanepenin etraf\u0131nda g\u00f6rseller bulundurun. Etkileyici boyutlar\u0131yla k\u00f6\u015fe divan\u0131n\u0131n \u00e7o\u011fu oturma odas\u0131n\u0131n b\u00fcy\u00fck, bir b\u00f6l\u00fcm\u00fcn\u00fc &#8220;Bir\u00e7ok ki\u015fi, k\u00f6\u015fesinde bir k\u00f6\u015fe divan\u0131 istiyor . Salon \u00e7ok k\u00fc\u00e7\u00fckse, \u015fezlonglu kanepe i\u00e7in, daha az hacimli, daha k\u0131sa bir uzunlukta ve s\u0131rtla kompakt bir k\u00f6\u015fe kanad\u0131 se\u00e7ilmelidir.&#8221; KAP\u0130TONEL\u0130 K\u00d6\u015eE TAKIMI Arka d\u00fc\u011fme detay\u0131 ve ah\u015fap ayaklar geleneksel bir dokunu\u015f [&hellip;]<\/p>\n","protected":false},"author":1,"featured_media":0,"parent":0,"menu_order":0,"comment_status":"closed","ping_status":"closed","template":"","meta":{"footnotes":""},"class_list":["post-56","page","type-page","status-publish","hentry","entry"],"yoast_head":"<!-- This site is optimized with the Yoast SEO plugin v27.3 - https:\/\/yoast.com\/product\/yoast-seo-wordpress\/ -->\n<title>K\u00f6\u015fe Tak\u0131mlar\u0131 - Armoni Koltuk D\u00f6\u015feme<\/title>\n<meta name=\"robots\" content=\"index, follow, max-snippet:-1, max-image-preview:large, max-video-preview:-1\" \/>\n<link rel=\"canonical\" href=\"https:\/\/www.armonikoltukdoseme.com\/?page_id=56\" \/>\n<meta property=\"og:locale\" content=\"tr_TR\" \/>\n<meta property=\"og:type\" content=\"article\" \/>\n<meta property=\"og:title\" content=\"K\u00f6\u015fe Tak\u0131mlar\u0131 - Armoni Koltuk D\u00f6\u015feme\" \/>\n<meta property=\"og:description\" content=\"K\u00f6\u015fe kanepenin etraf\u0131nda g\u00f6rseller bulundurun. Etkileyici boyutlar\u0131yla k\u00f6\u015fe divan\u0131n\u0131n \u00e7o\u011fu oturma odas\u0131n\u0131n b\u00fcy\u00fck, bir b\u00f6l\u00fcm\u00fcn\u00fc &#8220;Bir\u00e7ok ki\u015fi, k\u00f6\u015fesinde bir k\u00f6\u015fe divan\u0131 istiyor . Salon \u00e7ok k\u00fc\u00e7\u00fckse, \u015fezlonglu kanepe i\u00e7in, daha az hacimli, daha k\u0131sa bir uzunlukta ve s\u0131rtla kompakt bir k\u00f6\u015fe kanad\u0131 se\u00e7ilmelidir.&#8221; KAP\u0130TONEL\u0130 K\u00d6\u015eE TAKIMI Arka d\u00fc\u011fme detay\u0131 ve ah\u015fap ayaklar geleneksel bir dokunu\u015f [&hellip;]\" \/>\n<meta property=\"og:url\" content=\"https:\/\/www.armonikoltukdoseme.com\/?page_id=56\" \/>\n<meta property=\"og:site_name\" content=\"Armoni Koltuk D\u00f6\u015feme\" \/>\n<meta property=\"article:modified_time\" content=\"2025-10-14T18:40:18+00:00\" \/>\n<meta property=\"og:image\" content=\"https:\/\/www.armonikoltukdoseme.com\/wp-content\/uploads\/2025\/07\/Kose_Takimlari_01.jpg\" \/>\n\t<meta property=\"og:image:width\" content=\"768\" \/>\n\t<meta property=\"og:image:height\" content=\"432\" \/>\n\t<meta property=\"og:image:type\" content=\"image\/jpeg\" \/>\n<meta name=\"twitter:card\" content=\"summary_large_image\" \/>\n<meta name=\"twitter:label1\" content=\"Tahmini okuma s\u00fcresi\" \/>\n\t<meta name=\"twitter:data1\" content=\"2 dakika\" \/>\n<script type=\"application\/ld+json\" class=\"yoast-schema-graph\">{\"@context\":\"https:\\\/\\\/schema.org\",\"@graph\":[{\"@type\":\"WebPage\",\"@id\":\"https:\\\/\\\/www.armonikoltukdoseme.com\\\/?page_id=56\",\"url\":\"https:\\\/\\\/www.armonikoltukdoseme.com\\\/?page_id=56\",\"name\":\"K\u00f6\u015fe Tak\u0131mlar\u0131 - Armoni Koltuk D\u00f6\u015feme\",\"isPartOf\":{\"@id\":\"https:\\\/\\\/www.armonikoltukdoseme.com\\\/#website\"},\"primaryImageOfPage\":{\"@id\":\"https:\\\/\\\/www.armonikoltukdoseme.com\\\/?page_id=56#primaryimage\"},\"image\":{\"@id\":\"https:\\\/\\\/www.armonikoltukdoseme.com\\\/?page_id=56#primaryimage\"},\"thumbnailUrl\":\"https:\\\/\\\/www.armonikoltukdoseme.com\\\/wp-content\\\/uploads\\\/2025\\\/07\\\/Kose_Takimlari_01.jpg\",\"datePublished\":\"2025-07-08T16:27:46+00:00\",\"dateModified\":\"2025-10-14T18:40:18+00:00\",\"breadcrumb\":{\"@id\":\"https:\\\/\\\/www.armonikoltukdoseme.com\\\/?page_id=56#breadcrumb\"},\"inLanguage\":\"tr\",\"potentialAction\":[{\"@type\":\"ReadAction\",\"target\":[\"https:\\\/\\\/www.armonikoltukdoseme.com\\\/?page_id=56\"]}]},{\"@type\":\"ImageObject\",\"inLanguage\":\"tr\",\"@id\":\"https:\\\/\\\/www.armonikoltukdoseme.com\\\/?page_id=56#primaryimage\",\"url\":\"https:\\\/\\\/www.armonikoltukdoseme.com\\\/wp-content\\\/uploads\\\/2025\\\/07\\\/Kose_Takimlari_01.jpg\",\"contentUrl\":\"https:\\\/\\\/www.armonikoltukdoseme.com\\\/wp-content\\\/uploads\\\/2025\\\/07\\\/Kose_Takimlari_01.jpg\",\"width\":768,\"height\":432},{\"@type\":\"BreadcrumbList\",\"@id\":\"https:\\\/\\\/www.armonikoltukdoseme.com\\\/?page_id=56#breadcrumb\",\"itemListElement\":[{\"@type\":\"ListItem\",\"position\":1,\"name\":\"Anasayfa\",\"item\":\"https:\\\/\\\/www.armonikoltukdoseme.com\\\/\"},{\"@type\":\"ListItem\",\"position\":2,\"name\":\"K\u00f6\u015fe Tak\u0131mlar\u0131\"}]},{\"@type\":\"WebSite\",\"@id\":\"https:\\\/\\\/www.armonikoltukdoseme.com\\\/#website\",\"url\":\"https:\\\/\\\/www.armonikoltukdoseme.com\\\/\",\"name\":\"Armoni Koltuk D\u00f6\u015feme\",\"description\":\"Her \u00e7e\u015fit koltuk d\u00f6\u015feme, koltuk tamiri, y\u00fcz de\u011fi\u015fimi ve kanepe, koltuk tak\u0131m\u0131, puf imalat\u0131; uzman ustalar taraf\u0131ndan yap\u0131lmaktad\u0131r. Servis bize aittir.\",\"publisher\":{\"@id\":\"https:\\\/\\\/www.armonikoltukdoseme.com\\\/#organization\"},\"alternateName\":\"koltuk d\u00f6\u015feme\",\"potentialAction\":[{\"@type\":\"SearchAction\",\"target\":{\"@type\":\"EntryPoint\",\"urlTemplate\":\"https:\\\/\\\/www.armonikoltukdoseme.com\\\/?s={search_term_string}\"},\"query-input\":{\"@type\":\"PropertyValueSpecification\",\"valueRequired\":true,\"valueName\":\"search_term_string\"}}],\"inLanguage\":\"tr\"},{\"@type\":\"Organization\",\"@id\":\"https:\\\/\\\/www.armonikoltukdoseme.com\\\/#organization\",\"name\":\"Armoni Koltuk D\u00f6\u015feme\",\"alternateName\":\"koltuk d\u00f6\u015feme yap\u0131m\u0131\",\"url\":\"https:\\\/\\\/www.armonikoltukdoseme.com\\\/\",\"logo\":{\"@type\":\"ImageObject\",\"inLanguage\":\"tr\",\"@id\":\"https:\\\/\\\/www.armonikoltukdoseme.com\\\/#\\\/schema\\\/logo\\\/image\\\/\",\"url\":\"https:\\\/\\\/www.armonikoltukdoseme.com\\\/wp-content\\\/uploads\\\/2025\\\/07\\\/logo_512.jpg\",\"contentUrl\":\"https:\\\/\\\/www.armonikoltukdoseme.com\\\/wp-content\\\/uploads\\\/2025\\\/07\\\/logo_512.jpg\",\"width\":512,\"height\":512,\"caption\":\"Armoni Koltuk D\u00f6\u015feme\"},\"image\":{\"@id\":\"https:\\\/\\\/www.armonikoltukdoseme.com\\\/#\\\/schema\\\/logo\\\/image\\\/\"}}]}<\/script>\n<!-- \/ Yoast SEO plugin. -->","yoast_head_json":{"title":"K\u00f6\u015fe Tak\u0131mlar\u0131 - Armoni Koltuk D\u00f6\u015feme","robots":{"index":"index","follow":"follow","max-snippet":"max-snippet:-1","max-image-preview":"max-image-preview:large","max-video-preview":"max-video-preview:-1"},"canonical":"https:\/\/www.armonikoltukdoseme.com\/?page_id=56","og_locale":"tr_TR","og_type":"article","og_title":"K\u00f6\u015fe Tak\u0131mlar\u0131 - Armoni Koltuk D\u00f6\u015feme","og_description":"K\u00f6\u015fe kanepenin etraf\u0131nda g\u00f6rseller bulundurun. Etkileyici boyutlar\u0131yla k\u00f6\u015fe divan\u0131n\u0131n \u00e7o\u011fu oturma odas\u0131n\u0131n b\u00fcy\u00fck, bir b\u00f6l\u00fcm\u00fcn\u00fc &#8220;Bir\u00e7ok ki\u015fi, k\u00f6\u015fesinde bir k\u00f6\u015fe divan\u0131 istiyor . Salon \u00e7ok k\u00fc\u00e7\u00fckse, \u015fezlonglu kanepe i\u00e7in, daha az hacimli, daha k\u0131sa bir uzunlukta ve s\u0131rtla kompakt bir k\u00f6\u015fe kanad\u0131 se\u00e7ilmelidir.&#8221; KAP\u0130TONEL\u0130 K\u00d6\u015eE TAKIMI Arka d\u00fc\u011fme detay\u0131 ve ah\u015fap ayaklar geleneksel bir dokunu\u015f [&hellip;]","og_url":"https:\/\/www.armonikoltukdoseme.com\/?page_id=56","og_site_name":"Armoni Koltuk D\u00f6\u015feme","article_modified_time":"2025-10-14T18:40:18+00:00","og_image":[{"width":768,"height":432,"url":"https:\/\/www.armonikoltukdoseme.com\/wp-content\/uploads\/2025\/07\/Kose_Takimlari_01.jpg","type":"image\/jpeg"}],"twitter_card":"summary_large_image","twitter_misc":{"Tahmini okuma s\u00fcresi":"2 dakika"},"schema":{"@context":"https:\/\/schema.org","@graph":[{"@type":"WebPage","@id":"https:\/\/www.armonikoltukdoseme.com\/?page_id=56","url":"https:\/\/www.armonikoltukdoseme.com\/?page_id=56","name":"K\u00f6\u015fe Tak\u0131mlar\u0131 - Armoni Koltuk D\u00f6\u015feme","isPartOf":{"@id":"https:\/\/www.armonikoltukdoseme.com\/#website"},"primaryImageOfPage":{"@id":"https:\/\/www.armonikoltukdoseme.com\/?page_id=56#primaryimage"},"image":{"@id":"https:\/\/www.armonikoltukdoseme.com\/?page_id=56#primaryimage"},"thumbnailUrl":"https:\/\/www.armonikoltukdoseme.com\/wp-content\/uploads\/2025\/07\/Kose_Takimlari_01.jpg","datePublished":"2025-07-08T16:27:46+00:00","dateModified":"2025-10-14T18:40:18+00:00","breadcrumb":{"@id":"https:\/\/www.armonikoltukdoseme.com\/?page_id=56#breadcrumb"},"inLanguage":"tr","potentialAction":[{"@type":"ReadAction","target":["https:\/\/www.armonikoltukdoseme.com\/?page_id=56"]}]},{"@type":"ImageObject","inLanguage":"tr","@id":"https:\/\/www.armonikoltukdoseme.com\/?page_id=56#primaryimage","url":"https:\/\/www.armonikoltukdoseme.com\/wp-content\/uploads\/2025\/07\/Kose_Takimlari_01.jpg","contentUrl":"https:\/\/www.armonikoltukdoseme.com\/wp-content\/uploads\/2025\/07\/Kose_Takimlari_01.jpg","width":768,"height":432},{"@type":"BreadcrumbList","@id":"https:\/\/www.armonikoltukdoseme.com\/?page_id=56#breadcrumb","itemListElement":[{"@type":"ListItem","position":1,"name":"Anasayfa","item":"https:\/\/www.armonikoltukdoseme.com\/"},{"@type":"ListItem","position":2,"name":"K\u00f6\u015fe Tak\u0131mlar\u0131"}]},{"@type":"WebSite","@id":"https:\/\/www.armonikoltukdoseme.com\/#website","url":"https:\/\/www.armonikoltukdoseme.com\/","name":"Armoni Koltuk D\u00f6\u015feme","description":"Her \u00e7e\u015fit koltuk d\u00f6\u015feme, koltuk tamiri, y\u00fcz de\u011fi\u015fimi ve kanepe, koltuk tak\u0131m\u0131, puf imalat\u0131; uzman ustalar taraf\u0131ndan yap\u0131lmaktad\u0131r. Servis bize aittir.","publisher":{"@id":"https:\/\/www.armonikoltukdoseme.com\/#organization"},"alternateName":"koltuk d\u00f6\u015feme","potentialAction":[{"@type":"SearchAction","target":{"@type":"EntryPoint","urlTemplate":"https:\/\/www.armonikoltukdoseme.com\/?s={search_term_string}"},"query-input":{"@type":"PropertyValueSpecification","valueRequired":true,"valueName":"search_term_string"}}],"inLanguage":"tr"},{"@type":"Organization","@id":"https:\/\/www.armonikoltukdoseme.com\/#organization","name":"Armoni Koltuk D\u00f6\u015feme","alternateName":"koltuk d\u00f6\u015feme yap\u0131m\u0131","url":"https:\/\/www.armonikoltukdoseme.com\/","logo":{"@type":"ImageObject","inLanguage":"tr","@id":"https:\/\/www.armonikoltukdoseme.com\/#\/schema\/logo\/image\/","url":"https:\/\/www.armonikoltukdoseme.com\/wp-content\/uploads\/2025\/07\/logo_512.jpg","contentUrl":"https:\/\/www.armonikoltukdoseme.com\/wp-content\/uploads\/2025\/07\/logo_512.jpg","width":512,"height":512,"caption":"Armoni Koltuk D\u00f6\u015feme"},"image":{"@id":"https:\/\/www.armonikoltukdoseme.com\/#\/schema\/logo\/image\/"}}]}},"_links":{"self":[{"href":"https:\/\/www.armonikoltukdoseme.com\/index.php?rest_route=\/wp\/v2\/pages\/56","targetHints":{"allow":["GET"]}}],"collection":[{"href":"https:\/\/www.armonikoltukdoseme.com\/index.php?rest_route=\/wp\/v2\/pages"}],"about":[{"href":"https:\/\/www.armonikoltukdoseme.com\/index.php?rest_route=\/wp\/v2\/types\/page"}],"author":[{"embeddable":true,"href":"https:\/\/www.armonikoltukdoseme.com\/index.php?rest_route=\/wp\/v2\/users\/1"}],"replies":[{"embeddable":true,"href":"https:\/\/www.armonikoltukdoseme.com\/index.php?rest_route=%2Fwp%2Fv2%2Fcomments&post=56"}],"version-history":[{"count":3,"href":"https:\/\/www.armonikoltukdoseme.com\/index.php?rest_route=\/wp\/v2\/pages\/56\/revisions"}],"predecessor-version":[{"id":369,"href":"https:\/\/www.armonikoltukdoseme.com\/index.php?rest_route=\/wp\/v2\/pages\/56\/revisions\/369"}],"wp:attachment":[{"href":"https:\/\/www.armonikoltukdoseme.com\/index.php?rest_route=%2Fwp%2Fv2%2Fmedia&parent=56"}],"curies":[{"name":"wp","href":"https:\/\/api.w.org\/{rel}","templated":true}]}}