{"id":76,"date":"2025-07-08T19:31:26","date_gmt":"2025-07-08T16:31:26","guid":{"rendered":"https:\/\/www.armonikoltukdoseme.com\/?page_id=76"},"modified":"2025-10-13T23:11:45","modified_gmt":"2025-10-13T20:11:45","slug":"deri-kose-takimlari","status":"publish","type":"page","link":"https:\/\/www.armonikoltukdoseme.com\/?page_id=76","title":{"rendered":"Deri K\u00f6\u015fe Tak\u0131mlar\u0131"},"content":{"rendered":"\n<figure class=\"wp-block-image size-full\"><img loading=\"lazy\" decoding=\"async\" width=\"300\" height=\"207\" src=\"https:\/\/www.armonikoltukdoseme.com\/wp-content\/uploads\/2025\/07\/Deri_KoseTakimlari_01.jpg\" alt=\"\" class=\"wp-image-300\"\/><\/figure>\n\n\n\n<p class=\"has-medium-font-size\">Deri k\u00f6\u015fe koltuk tak\u0131m\u0131 ,hakiki deri, suni deri ,kuma\u015f kaplama olarak istenilen \u00f6l\u00e7\u00fcde yap\u0131labilir, son derece estetik ve kaliteli bir \u00fcr\u00fcnd\u00fcr. Ayr\u0131nt\u0131l\u0131 bilgi i\u00e7in l\u00fctfen ileti\u015fime ge\u00e7iniz. Modern k\u00f6\u015fe koltuk tak\u0131m\u0131 hakiki deridir, bununla beraber son derece kaliteli ve sa\u011flam bir \u00fcr\u00fcnd\u00fcr, ana g\u00f6vde \u00e7elik profildir, modern hakiki deri k\u00f6\u015fe koltuk da d\u00f6\u015feme yap\u0131labilmesi i\u00e7in kay\u0131n a\u011fac\u0131ndan \u00e7\u0131ta \u00e7ak\u0131lm\u0131\u015ft\u0131r, Konforlu oturuldu\u011fu zaman sert olmamas\u0131 ve bununla birlikte formunun bozulmad\u0131\u011f\u0131 k\u00f6\u015fe koltuk tak\u0131m\u0131d\u0131r. Bununla beraber kanepe de yap\u0131labilir, kuma\u015f kapl\u0131 olarak da evinizde d\u00fc\u015f\u00fcnebilirsiniz. Sonu\u00e7 olarak g\u00f6r\u00fcn\u00fcm\u00fc de\u011fi\u015ftirmek sizin elinizde.<\/p>\n\n\n\n<figure class=\"wp-block-image size-full\"><img loading=\"lazy\" decoding=\"async\" width=\"300\" height=\"154\" src=\"https:\/\/www.armonikoltukdoseme.com\/wp-content\/uploads\/2025\/07\/Deri_KoseTakimlari_02.jpg\" alt=\"\" class=\"wp-image-301\"\/><\/figure>\n\n\n\n<p style=\"font-size:26px\"><strong>\u00c7ekici d\u00f6\u015feme ile evinizin dekorunu geli\u015ftirmek<\/strong><\/p>\n\n\n\n<p class=\"has-medium-font-size\">Mobilyalar ve aksesuarlar ile evinizi d\u00f6\u015feme konusunda endi\u015felenmenize gerek kalmadan g\u00fczel bir ev hak ediyorsunuz. Sadece her yerde kuma\u015f kullanmak amac\u0131yla, bir para ve \u00e7aba harc\u0131yorsunuz. T\u00fcm ev kuma\u015f i\u00e7eri\u011fi iyi planlanm\u0131\u015f ve , tek bir \u00f6zel g\u00fcn i\u00e7in bile paha bi\u00e7ilmez kuma\u015flar kullanmaya gelemez. Kolayca ev mobilyas\u0131 \u00fc\u00e7 d\u00f6rt seti ve ki\u015fiye g\u00f6re bunlar\u0131 de\u011fi\u015ftirebilirsiniz.<\/p>\n","protected":false},"excerpt":{"rendered":"<p>Deri k\u00f6\u015fe koltuk tak\u0131m\u0131 ,hakiki deri, suni deri ,kuma\u015f kaplama olarak istenilen \u00f6l\u00e7\u00fcde yap\u0131labilir, son derece estetik ve kaliteli bir \u00fcr\u00fcnd\u00fcr. Ayr\u0131nt\u0131l\u0131 bilgi i\u00e7in l\u00fctfen ileti\u015fime ge\u00e7iniz. Modern k\u00f6\u015fe koltuk tak\u0131m\u0131 hakiki deridir, bununla beraber son derece kaliteli ve sa\u011flam bir \u00fcr\u00fcnd\u00fcr, ana g\u00f6vde \u00e7elik profildir, modern hakiki deri k\u00f6\u015fe koltuk da d\u00f6\u015feme yap\u0131labilmesi i\u00e7in [&hellip;]<\/p>\n","protected":false},"author":1,"featured_media":0,"parent":0,"menu_order":0,"comment_status":"closed","ping_status":"closed","template":"","meta":{"footnotes":""},"class_list":["post-76","page","type-page","status-publish","hentry","entry"],"yoast_head":"<!-- This site is optimized with the Yoast SEO plugin v27.3 - https:\/\/yoast.com\/product\/yoast-seo-wordpress\/ -->\n<title>Deri K\u00f6\u015fe Tak\u0131mlar\u0131 - Armoni Koltuk D\u00f6\u015feme<\/title>\n<meta name=\"robots\" content=\"index, follow, max-snippet:-1, max-image-preview:large, max-video-preview:-1\" \/>\n<link rel=\"canonical\" href=\"https:\/\/www.armonikoltukdoseme.com\/?page_id=76\" \/>\n<meta property=\"og:locale\" content=\"tr_TR\" \/>\n<meta property=\"og:type\" content=\"article\" \/>\n<meta property=\"og:title\" content=\"Deri K\u00f6\u015fe Tak\u0131mlar\u0131 - Armoni Koltuk D\u00f6\u015feme\" \/>\n<meta property=\"og:description\" content=\"Deri k\u00f6\u015fe koltuk tak\u0131m\u0131 ,hakiki deri, suni deri ,kuma\u015f kaplama olarak istenilen \u00f6l\u00e7\u00fcde yap\u0131labilir, son derece estetik ve kaliteli bir \u00fcr\u00fcnd\u00fcr. Ayr\u0131nt\u0131l\u0131 bilgi i\u00e7in l\u00fctfen ileti\u015fime ge\u00e7iniz. Modern k\u00f6\u015fe koltuk tak\u0131m\u0131 hakiki deridir, bununla beraber son derece kaliteli ve sa\u011flam bir \u00fcr\u00fcnd\u00fcr, ana g\u00f6vde \u00e7elik profildir, modern hakiki deri k\u00f6\u015fe koltuk da d\u00f6\u015feme yap\u0131labilmesi i\u00e7in [&hellip;]\" \/>\n<meta property=\"og:url\" content=\"https:\/\/www.armonikoltukdoseme.com\/?page_id=76\" \/>\n<meta property=\"og:site_name\" content=\"Armoni Koltuk D\u00f6\u015feme\" \/>\n<meta property=\"article:modified_time\" content=\"2025-10-13T20:11:45+00:00\" \/>\n<meta property=\"og:image\" content=\"https:\/\/www.armonikoltukdoseme.com\/wp-content\/uploads\/2025\/07\/Deri_KoseTakimlari_01.jpg\" \/>\n\t<meta property=\"og:image:width\" content=\"300\" \/>\n\t<meta property=\"og:image:height\" content=\"207\" \/>\n\t<meta property=\"og:image:type\" content=\"image\/jpeg\" \/>\n<meta name=\"twitter:card\" content=\"summary_large_image\" \/>\n<meta name=\"twitter:label1\" content=\"Tahmini okuma s\u00fcresi\" \/>\n\t<meta name=\"twitter:data1\" content=\"2 dakika\" \/>\n<script type=\"application\/ld+json\" class=\"yoast-schema-graph\">{\"@context\":\"https:\\\/\\\/schema.org\",\"@graph\":[{\"@type\":\"WebPage\",\"@id\":\"https:\\\/\\\/www.armonikoltukdoseme.com\\\/?page_id=76\",\"url\":\"https:\\\/\\\/www.armonikoltukdoseme.com\\\/?page_id=76\",\"name\":\"Deri K\u00f6\u015fe Tak\u0131mlar\u0131 - Armoni Koltuk D\u00f6\u015feme\",\"isPartOf\":{\"@id\":\"https:\\\/\\\/www.armonikoltukdoseme.com\\\/#website\"},\"primaryImageOfPage\":{\"@id\":\"https:\\\/\\\/www.armonikoltukdoseme.com\\\/?page_id=76#primaryimage\"},\"image\":{\"@id\":\"https:\\\/\\\/www.armonikoltukdoseme.com\\\/?page_id=76#primaryimage\"},\"thumbnailUrl\":\"https:\\\/\\\/www.armonikoltukdoseme.com\\\/wp-content\\\/uploads\\\/2025\\\/07\\\/Deri_KoseTakimlari_01.jpg\",\"datePublished\":\"2025-07-08T16:31:26+00:00\",\"dateModified\":\"2025-10-13T20:11:45+00:00\",\"breadcrumb\":{\"@id\":\"https:\\\/\\\/www.armonikoltukdoseme.com\\\/?page_id=76#breadcrumb\"},\"inLanguage\":\"tr\",\"potentialAction\":[{\"@type\":\"ReadAction\",\"target\":[\"https:\\\/\\\/www.armonikoltukdoseme.com\\\/?page_id=76\"]}]},{\"@type\":\"ImageObject\",\"inLanguage\":\"tr\",\"@id\":\"https:\\\/\\\/www.armonikoltukdoseme.com\\\/?page_id=76#primaryimage\",\"url\":\"https:\\\/\\\/www.armonikoltukdoseme.com\\\/wp-content\\\/uploads\\\/2025\\\/07\\\/Deri_KoseTakimlari_01.jpg\",\"contentUrl\":\"https:\\\/\\\/www.armonikoltukdoseme.com\\\/wp-content\\\/uploads\\\/2025\\\/07\\\/Deri_KoseTakimlari_01.jpg\",\"width\":300,\"height\":207},{\"@type\":\"BreadcrumbList\",\"@id\":\"https:\\\/\\\/www.armonikoltukdoseme.com\\\/?page_id=76#breadcrumb\",\"itemListElement\":[{\"@type\":\"ListItem\",\"position\":1,\"name\":\"Anasayfa\",\"item\":\"https:\\\/\\\/www.armonikoltukdoseme.com\\\/\"},{\"@type\":\"ListItem\",\"position\":2,\"name\":\"Deri K\u00f6\u015fe Tak\u0131mlar\u0131\"}]},{\"@type\":\"WebSite\",\"@id\":\"https:\\\/\\\/www.armonikoltukdoseme.com\\\/#website\",\"url\":\"https:\\\/\\\/www.armonikoltukdoseme.com\\\/\",\"name\":\"Armoni Koltuk D\u00f6\u015feme\",\"description\":\"Her \u00e7e\u015fit koltuk d\u00f6\u015feme, koltuk tamiri, y\u00fcz de\u011fi\u015fimi ve kanepe, koltuk tak\u0131m\u0131, puf imalat\u0131; uzman ustalar taraf\u0131ndan yap\u0131lmaktad\u0131r. Servis bize aittir.\",\"publisher\":{\"@id\":\"https:\\\/\\\/www.armonikoltukdoseme.com\\\/#organization\"},\"alternateName\":\"koltuk d\u00f6\u015feme\",\"potentialAction\":[{\"@type\":\"SearchAction\",\"target\":{\"@type\":\"EntryPoint\",\"urlTemplate\":\"https:\\\/\\\/www.armonikoltukdoseme.com\\\/?s={search_term_string}\"},\"query-input\":{\"@type\":\"PropertyValueSpecification\",\"valueRequired\":true,\"valueName\":\"search_term_string\"}}],\"inLanguage\":\"tr\"},{\"@type\":\"Organization\",\"@id\":\"https:\\\/\\\/www.armonikoltukdoseme.com\\\/#organization\",\"name\":\"Armoni Koltuk D\u00f6\u015feme\",\"alternateName\":\"koltuk d\u00f6\u015feme yap\u0131m\u0131\",\"url\":\"https:\\\/\\\/www.armonikoltukdoseme.com\\\/\",\"logo\":{\"@type\":\"ImageObject\",\"inLanguage\":\"tr\",\"@id\":\"https:\\\/\\\/www.armonikoltukdoseme.com\\\/#\\\/schema\\\/logo\\\/image\\\/\",\"url\":\"https:\\\/\\\/www.armonikoltukdoseme.com\\\/wp-content\\\/uploads\\\/2025\\\/07\\\/logo_512.jpg\",\"contentUrl\":\"https:\\\/\\\/www.armonikoltukdoseme.com\\\/wp-content\\\/uploads\\\/2025\\\/07\\\/logo_512.jpg\",\"width\":512,\"height\":512,\"caption\":\"Armoni Koltuk D\u00f6\u015feme\"},\"image\":{\"@id\":\"https:\\\/\\\/www.armonikoltukdoseme.com\\\/#\\\/schema\\\/logo\\\/image\\\/\"}}]}<\/script>\n<!-- \/ Yoast SEO plugin. -->","yoast_head_json":{"title":"Deri K\u00f6\u015fe Tak\u0131mlar\u0131 - Armoni Koltuk D\u00f6\u015feme","robots":{"index":"index","follow":"follow","max-snippet":"max-snippet:-1","max-image-preview":"max-image-preview:large","max-video-preview":"max-video-preview:-1"},"canonical":"https:\/\/www.armonikoltukdoseme.com\/?page_id=76","og_locale":"tr_TR","og_type":"article","og_title":"Deri K\u00f6\u015fe Tak\u0131mlar\u0131 - Armoni Koltuk D\u00f6\u015feme","og_description":"Deri k\u00f6\u015fe koltuk tak\u0131m\u0131 ,hakiki deri, suni deri ,kuma\u015f kaplama olarak istenilen \u00f6l\u00e7\u00fcde yap\u0131labilir, son derece estetik ve kaliteli bir \u00fcr\u00fcnd\u00fcr. Ayr\u0131nt\u0131l\u0131 bilgi i\u00e7in l\u00fctfen ileti\u015fime ge\u00e7iniz. Modern k\u00f6\u015fe koltuk tak\u0131m\u0131 hakiki deridir, bununla beraber son derece kaliteli ve sa\u011flam bir \u00fcr\u00fcnd\u00fcr, ana g\u00f6vde \u00e7elik profildir, modern hakiki deri k\u00f6\u015fe koltuk da d\u00f6\u015feme yap\u0131labilmesi i\u00e7in [&hellip;]","og_url":"https:\/\/www.armonikoltukdoseme.com\/?page_id=76","og_site_name":"Armoni Koltuk D\u00f6\u015feme","article_modified_time":"2025-10-13T20:11:45+00:00","og_image":[{"width":300,"height":207,"url":"https:\/\/www.armonikoltukdoseme.com\/wp-content\/uploads\/2025\/07\/Deri_KoseTakimlari_01.jpg","type":"image\/jpeg"}],"twitter_card":"summary_large_image","twitter_misc":{"Tahmini okuma s\u00fcresi":"2 dakika"},"schema":{"@context":"https:\/\/schema.org","@graph":[{"@type":"WebPage","@id":"https:\/\/www.armonikoltukdoseme.com\/?page_id=76","url":"https:\/\/www.armonikoltukdoseme.com\/?page_id=76","name":"Deri K\u00f6\u015fe Tak\u0131mlar\u0131 - Armoni Koltuk D\u00f6\u015feme","isPartOf":{"@id":"https:\/\/www.armonikoltukdoseme.com\/#website"},"primaryImageOfPage":{"@id":"https:\/\/www.armonikoltukdoseme.com\/?page_id=76#primaryimage"},"image":{"@id":"https:\/\/www.armonikoltukdoseme.com\/?page_id=76#primaryimage"},"thumbnailUrl":"https:\/\/www.armonikoltukdoseme.com\/wp-content\/uploads\/2025\/07\/Deri_KoseTakimlari_01.jpg","datePublished":"2025-07-08T16:31:26+00:00","dateModified":"2025-10-13T20:11:45+00:00","breadcrumb":{"@id":"https:\/\/www.armonikoltukdoseme.com\/?page_id=76#breadcrumb"},"inLanguage":"tr","potentialAction":[{"@type":"ReadAction","target":["https:\/\/www.armonikoltukdoseme.com\/?page_id=76"]}]},{"@type":"ImageObject","inLanguage":"tr","@id":"https:\/\/www.armonikoltukdoseme.com\/?page_id=76#primaryimage","url":"https:\/\/www.armonikoltukdoseme.com\/wp-content\/uploads\/2025\/07\/Deri_KoseTakimlari_01.jpg","contentUrl":"https:\/\/www.armonikoltukdoseme.com\/wp-content\/uploads\/2025\/07\/Deri_KoseTakimlari_01.jpg","width":300,"height":207},{"@type":"BreadcrumbList","@id":"https:\/\/www.armonikoltukdoseme.com\/?page_id=76#breadcrumb","itemListElement":[{"@type":"ListItem","position":1,"name":"Anasayfa","item":"https:\/\/www.armonikoltukdoseme.com\/"},{"@type":"ListItem","position":2,"name":"Deri K\u00f6\u015fe Tak\u0131mlar\u0131"}]},{"@type":"WebSite","@id":"https:\/\/www.armonikoltukdoseme.com\/#website","url":"https:\/\/www.armonikoltukdoseme.com\/","name":"Armoni Koltuk D\u00f6\u015feme","description":"Her \u00e7e\u015fit koltuk d\u00f6\u015feme, koltuk tamiri, y\u00fcz de\u011fi\u015fimi ve kanepe, koltuk tak\u0131m\u0131, puf imalat\u0131; uzman ustalar taraf\u0131ndan yap\u0131lmaktad\u0131r. Servis bize aittir.","publisher":{"@id":"https:\/\/www.armonikoltukdoseme.com\/#organization"},"alternateName":"koltuk d\u00f6\u015feme","potentialAction":[{"@type":"SearchAction","target":{"@type":"EntryPoint","urlTemplate":"https:\/\/www.armonikoltukdoseme.com\/?s={search_term_string}"},"query-input":{"@type":"PropertyValueSpecification","valueRequired":true,"valueName":"search_term_string"}}],"inLanguage":"tr"},{"@type":"Organization","@id":"https:\/\/www.armonikoltukdoseme.com\/#organization","name":"Armoni Koltuk D\u00f6\u015feme","alternateName":"koltuk d\u00f6\u015feme yap\u0131m\u0131","url":"https:\/\/www.armonikoltukdoseme.com\/","logo":{"@type":"ImageObject","inLanguage":"tr","@id":"https:\/\/www.armonikoltukdoseme.com\/#\/schema\/logo\/image\/","url":"https:\/\/www.armonikoltukdoseme.com\/wp-content\/uploads\/2025\/07\/logo_512.jpg","contentUrl":"https:\/\/www.armonikoltukdoseme.com\/wp-content\/uploads\/2025\/07\/logo_512.jpg","width":512,"height":512,"caption":"Armoni Koltuk D\u00f6\u015feme"},"image":{"@id":"https:\/\/www.armonikoltukdoseme.com\/#\/schema\/logo\/image\/"}}]}},"_links":{"self":[{"href":"https:\/\/www.armonikoltukdoseme.com\/index.php?rest_route=\/wp\/v2\/pages\/76","targetHints":{"allow":["GET"]}}],"collection":[{"href":"https:\/\/www.armonikoltukdoseme.com\/index.php?rest_route=\/wp\/v2\/pages"}],"about":[{"href":"https:\/\/www.armonikoltukdoseme.com\/index.php?rest_route=\/wp\/v2\/types\/page"}],"author":[{"embeddable":true,"href":"https:\/\/www.armonikoltukdoseme.com\/index.php?rest_route=\/wp\/v2\/users\/1"}],"replies":[{"embeddable":true,"href":"https:\/\/www.armonikoltukdoseme.com\/index.php?rest_route=%2Fwp%2Fv2%2Fcomments&post=76"}],"version-history":[{"count":3,"href":"https:\/\/www.armonikoltukdoseme.com\/index.php?rest_route=\/wp\/v2\/pages\/76\/revisions"}],"predecessor-version":[{"id":363,"href":"https:\/\/www.armonikoltukdoseme.com\/index.php?rest_route=\/wp\/v2\/pages\/76\/revisions\/363"}],"wp:attachment":[{"href":"https:\/\/www.armonikoltukdoseme.com\/index.php?rest_route=%2Fwp%2Fv2%2Fmedia&parent=76"}],"curies":[{"name":"wp","href":"https:\/\/api.w.org\/{rel}","templated":true}]}}